{"id":420,"date":"2018-02-01T15:24:36","date_gmt":"2018-02-01T18:24:36","guid":{"rendered":"https:\/\/itabunaonline.com.br\/sol\/?page_id=420"},"modified":"2018-12-20T14:47:31","modified_gmt":"2018-12-20T17:47:31","slug":"contato","status":"publish","type":"page","link":"https:\/\/itabunaonline.com.br\/sol\/contato\/","title":{"rendered":"Contato"},"content":{"rendered":"<div class=\"vc_row wpb_row vc_row-fluid\"><div class=\"wpb_column vc_column_container vc_col-sm-12\"><div class=\"vc_column-inner \"><div class=\"wpb_wrapper\"><div class=\"vcex-module vcex-heading vcex-heading-plain\" data-wpex-hover='{\"color\":\"#455c73\"}' style=\"color:#455c73;font-size:28px;font-weight:600;\"><span class=\"vcex-heading-inner clr\">CONTATO<\/span><\/div><div class=\"vc_separator wpb_content_element vc_separator_align_center vc_sep_width_100 vc_sep_shadow vc_sep_border_width_2 vc_sep_pos_align_center vc_separator_no_text vc_sep_color_grey\"><span class=\"vc_sep_holder vc_sep_holder_l\"><span  class=\"vc_sep_line\"><\/span><\/span><span class=\"vc_sep_holder vc_sep_holder_r\"><span  class=\"vc_sep_line\"><\/span><\/span>\n<\/div><\/div><\/div><\/div><\/div><div class=\"vc_row wpb_row vc_row-fluid\"><div class=\"wpb_column vc_column_container vc_col-sm-12\"><div class=\"vc_column-inner \"><div class=\"wpb_wrapper\">\n\t<div class=\"wpb_text_column wpb_content_element \">\n\t\t<div class=\"wpb_wrapper\">\n\t\t\t<p style=\"text-align: center; font-size: 18px;\">Suas Sugest\u00f5es, Reclama\u00e7\u00f5es, D\u00favidas e Elogios s\u00e3o sempre Bem Vindos!<\/p>\n\n\t\t<\/div>\n\t<\/div>\n<div role=\"form\" class=\"wpcf7\" id=\"wpcf7-f419-o1\" lang=\"pt-BR\" dir=\"ltr\">\n<div class=\"screen-reader-response\"><\/div>\n<form action=\"\/sol\/wp-json\/wp\/v2\/pages\/420#wpcf7-f419-o1\" method=\"post\" class=\"wpcf7-form cf7-style minimal-brown\" novalidate=\"novalidate\">\n<div style=\"display: none;\">\n<input type=\"hidden\" name=\"_wpcf7\" value=\"419\" \/>\n<input type=\"hidden\" name=\"_wpcf7_version\" value=\"5.1\" \/>\n<input type=\"hidden\" name=\"_wpcf7_locale\" value=\"pt_BR\" \/>\n<input type=\"hidden\" name=\"_wpcf7_unit_tag\" value=\"wpcf7-f419-o1\" \/>\n<input type=\"hidden\" name=\"_wpcf7_container_post\" value=\"0\" \/>\n<input type=\"hidden\" name=\"g-recaptcha-response\" value=\"\" \/>\n<\/div>\n<div class=\"wpex-row clr\">\n<div class=\"span_1_of_1 col col-1 clr\">\n<label> Seu nome (obrigat\u00f3rio)<br \/>\n    <span class=\"wpcf7-form-control-wrap your-name\"><input type=\"text\" name=\"your-name\" value=\"\" size=\"40\" class=\"wpcf7-form-control wpcf7-text wpcf7-validates-as-required\" aria-required=\"true\" aria-invalid=\"false\" \/><\/span> <\/label>\n<\/div>\n<div class=\"span_1_of_1 col col-1 clr\">\n<label> Seu e-mail (obrigat\u00f3rio)<br \/>\n    <span class=\"wpcf7-form-control-wrap your-email\"><input type=\"email\" name=\"your-email\" value=\"\" size=\"40\" class=\"wpcf7-form-control wpcf7-text wpcf7-email wpcf7-validates-as-required wpcf7-validates-as-email\" aria-required=\"true\" aria-invalid=\"false\" \/><\/span> <\/label>\n<\/div>\n<div class=\"span_1_of_1 col col-1 clr\">\n<label> Seu telefone (obrigat\u00f3rio)<br \/>\n    <span class=\"wpcf7-form-control-wrap seu-tel\"><input type=\"tel\" name=\"seu-tel\" value=\"\" size=\"40\" class=\"wpcf7-form-control wpcf7-text wpcf7-tel wpcf7-validates-as-tel\" aria-invalid=\"false\" \/><\/span><\/label>\n<\/div>\n<div class=\"span_1_of_1 col col-1 clr\">\n<label> Assunto<br \/>\n    <span class=\"wpcf7-form-control-wrap menu-113\"><select name=\"menu-113\" class=\"wpcf7-form-control wpcf7-select\" aria-invalid=\"false\"><option value=\"D\u00favidas\">D\u00favidas<\/option><option value=\"Sugest\u00f5es\">Sugest\u00f5es<\/option><option value=\"Reclama\u00e7\u00f5es\">Reclama\u00e7\u00f5es<\/option><option value=\"Elegios\">Elegios<\/option><\/select><\/span> <\/label>\n<\/div>\n<div class=\"span_1_of_1 col col-1 clr\">\n<label> Sua mensagem<br \/>\n    <span class=\"wpcf7-form-control-wrap your-message\"><textarea name=\"your-message\" cols=\"40\" rows=\"10\" class=\"wpcf7-form-control wpcf7-textarea\" aria-invalid=\"false\"><\/textarea><\/span> <\/label>\n<\/div>\n<\/div>\n<p><input type=\"submit\" value=\"Enviar\" class=\"wpcf7-form-control wpcf7-submit\" \/><\/p>\n<input type='hidden' class='wpcf7-pum' value='{\"closepopup\":false,\"closedelay\":0,\"openpopup\":false,\"openpopup_id\":0}' \/><div class=\"wpcf7-response-output wpcf7-display-none\"><\/div><\/form><\/div><\/div><\/div><\/div><\/div><div class=\"vc_row wpb_row vc_row-fluid\"><div class=\"wpb_column vc_column_container vc_col-sm-12\"><div class=\"vc_column-inner \"><div class=\"wpb_wrapper\"><div class=\"vcex-image vcex-module vcex-clr\"><span class=\"vcex-image-inner\"><img src=\"https:\/\/itabunaonline.com.br\/sol\/wp-content\/uploads\/2018\/12\/faixa-sac.png\" width=\"1290\" height=\"126\" alt=\"\" data-no-retina=\"\" \/><\/span><\/div><\/div><\/div><\/div><\/div>\n","protected":false},"excerpt":{"rendered":"","protected":false},"author":1,"featured_media":0,"parent":0,"menu_order":0,"comment_status":"closed","ping_status":"open","template":"","meta":[],"_links":{"self":[{"href":"https:\/\/itabunaonline.com.br\/sol\/wp-json\/wp\/v2\/pages\/420"}],"collection":[{"href":"https:\/\/itabunaonline.com.br\/sol\/wp-json\/wp\/v2\/pages"}],"about":[{"href":"https:\/\/itabunaonline.com.br\/sol\/wp-json\/wp\/v2\/types\/page"}],"author":[{"embeddable":true,"href":"https:\/\/itabunaonline.com.br\/sol\/wp-json\/wp\/v2\/users\/1"}],"replies":[{"embeddable":true,"href":"https:\/\/itabunaonline.com.br\/sol\/wp-json\/wp\/v2\/comments?post=420"}],"version-history":[{"count":0,"href":"https:\/\/itabunaonline.com.br\/sol\/wp-json\/wp\/v2\/pages\/420\/revisions"}],"wp:attachment":[{"href":"https:\/\/itabunaonline.com.br\/sol\/wp-json\/wp\/v2\/media?parent=420"}],"curies":[{"name":"wp","href":"https:\/\/api.w.org\/{rel}","templated":true}]}}