{"id":398,"date":"2018-02-01T14:33:12","date_gmt":"2018-02-01T17:33:12","guid":{"rendered":"https:\/\/itabunaonline.com.br\/sol\/?page_id=398"},"modified":"2019-05-03T16:12:44","modified_gmt":"2019-05-03T19:12:44","slug":"fretamento-e-turismo","status":"publish","type":"page","link":"https:\/\/itabunaonline.com.br\/sol\/fretamento-e-turismo\/","title":{"rendered":"Fretamento e Turismo"},"content":{"rendered":"<div class=\"vc_row wpb_row vc_row-fluid\"><div class=\"wpb_column vc_column_container vc_col-sm-12\"><div class=\"vc_column-inner \"><div class=\"wpb_wrapper\"><div class=\"vcex-module vcex-heading vcex-heading-plain\" data-wpex-hover='{\"color\":\"#7dc2cc\"}' style=\"color:#7dc2cc;font-size:28px;font-weight:600;\"><span class=\"vcex-heading-inner clr\">FRETAMENTO<span class=\"rosa-titulo\"> E TURISMO<\/span><\/span><\/div><div class=\"vc_separator wpb_content_element vc_separator_align_center vc_sep_width_100 vc_sep_shadow vc_sep_border_width_2 vc_sep_pos_align_center vc_separator_no_text vc_sep_color_grey\"><span class=\"vc_sep_holder vc_sep_holder_l\"><span  class=\"vc_sep_line\"><\/span><\/span><span class=\"vc_sep_holder vc_sep_holder_r\"><span  class=\"vc_sep_line\"><\/span><\/span>\n<\/div><\/div><\/div><\/div><\/div><div class=\"vc_row wpb_row vc_row-fluid\"><div class=\"wpb_column vc_column_container vc_col-sm-12\"><div class=\"vc_column-inner \"><div class=\"wpb_wrapper\"><div class=\"vc_row wpb_row vc_inner vc_row-fluid\"><div class=\"wpb_column vc_column_container vc_col-sm-8\"><div class=\"vc_column-inner \"><div class=\"wpb_wrapper\">\n\t<div class=\"wpb_text_column wpb_content_element  colunas3\">\n\t\t<div class=\"wpb_wrapper\">\n\t\t\t<p style=\"text-align: left;\">A empresa Cidade Sol faz parte do GRUPO BRASILEIRO, um dos maiores grupos de transportes rodovi\u00e1rios do Nordeste, oferecendo com a mais alta qualidade e excel\u00eancia os servi\u00e7os de turismo e fretamento em todo o Brasil com uma frota moderna e confort\u00e1vel para suas viagens em datas:<\/p>\n<div class=\"fretamentos\">\n<div><img src=\"https:\/\/itabunaonline.com.br\/sol\/wp-content\/uploads\/2018\/02\/eventos-religiosos.png\" alt=\"\" \/><\/div>\n<div><img src=\"https:\/\/itabunaonline.com.br\/sol\/wp-content\/uploads\/2018\/02\/feriados.png\" alt=\"\" \/><\/div>\n<div><img src=\"https:\/\/itabunaonline.com.br\/sol\/wp-content\/uploads\/2018\/02\/sao-joao.png\" alt=\"\" \/><\/div>\n<div><img src=\"https:\/\/itabunaonline.com.br\/sol\/wp-content\/uploads\/2018\/02\/shows.png\" alt=\"\" \/><\/div>\n<div><img src=\"https:\/\/itabunaonline.com.br\/sol\/wp-content\/uploads\/2018\/02\/excursoes.png\" alt=\"\" \/><\/div>\n<div><img src=\"https:\/\/itabunaonline.com.br\/sol\/wp-content\/uploads\/2018\/02\/passeios.png\" alt=\"\" \/><\/div>\n<\/div>\n\n\t\t<\/div>\n\t<\/div>\n\n\t<div class=\"wpb_text_column wpb_content_element  vc_custom_1525120677128\">\n\t\t<div class=\"wpb_wrapper\">\n\t\t\t<p>H\u00e1 mais de 30 anos, o Grupo Brasileiro atua no segmento de transportes de passageiros. Mais de 4.000 profissionais oferecem um servi\u00e7o de fretamento altamente qualificado com diferentes tipos de carros para passeios, viagens e excurs\u00f5es.<\/p>\n<p>S\u00e3o \u00f4nibus urbanos, convencionais, executivos ou semi-leitos com todo o conforto e a comodidade que o cliente deseja.<\/p>\n<p>A frota da Cidade Sol tem certifica\u00e7\u00e3o ISO 9001:2008 que atesta toda a sua qualidade e experi\u00eancia e todas as equipes de manuten\u00e7\u00e3o seguem rigorosamente os programas padr\u00e3o das montadoras, que tamb\u00e9m oferecem assist\u00eancia t\u00e9cnica direta.<\/p>\n<p>Os motoristas, seguindo o modelo de gest\u00e3o do grupo, s\u00e3o treinados logo que contratados e se submetem a testes de baf\u00f4metro antes e depois de cada viagem.<\/p>\n<p>C\u00e2meras internas e externas localizadas nos ve\u00edculos acompanham todo o trajeto monitorando e analisando todas as imagens captadas para detectar qualquer poss\u00edvel falha no percurso.<\/p>\n<p>As vistorias completas com limpeza, abastecimento, banho de luz e assist\u00eancia mec\u00e2nica e el\u00e9trica s\u00e3o realizadas antes e depois de cada viagem.<\/p>\n<p>Al\u00e9m de todos esses cuidados de seguran\u00e7a a Cidade Sol preocupa-se com o meio ambiente operando com \u00f4nibus que unem modernidade e controle de emiss\u00e3o de poluentes.<\/p>\n<p>Passear ou viajar com Seguran\u00e7a, tranq\u00fcilidade e conforto \u00e9 com a Cidade Sol. A credibilidade, experi\u00eancia e qualidade no servi\u00e7o de fretamento que voc\u00ea procura, est\u00e1 aqui.<\/p>\n\n\t\t<\/div>\n\t<\/div>\n<\/div><\/div><\/div><div class=\"wpb_column vc_column_container vc_col-sm-4 wpex-vc_col-has-fill\"><div class=\"vc_column-inner vc_custom_1521741727038\"><div class=\"wpb_wrapper\"><div class=\"vcex-module vcex-image-grid wpex-row clr grid-style-default lightbox-group\" data-path=\"horizontal\" data-infinite=\"true\"><div class=\"id-1214 vcex-image-grid-entry span_1_of_1 col col-1\"><figure class=\"vcex-image-grid-entry-figure clr\"><div class=\"vcex-image-grid-entry-img clr\"><a href=\"https:\/\/itabunaonline.com.br\/sol\/wp-content\/uploads\/2018\/04\/fretamento-e-turismo-interna-4.jpg\" class=\"vcex-image-grid-entry-img wpex-lightbox-group-item\" data-path=\"horizontal\" data-infinite=\"true\" data-title=\"\" data-type=\"image\"><img width=\"789\" height=\"526\" src=\"https:\/\/itabunaonline.com.br\/sol\/wp-content\/uploads\/2018\/04\/fretamento-e-turismo-interna-4.jpg\" class=\"attachment-full size-full\" alt=\"\" loading=\"lazy\" srcset=\"https:\/\/itabunaonline.com.br\/sol\/wp-content\/uploads\/2018\/04\/fretamento-e-turismo-interna-4.jpg 789w, https:\/\/itabunaonline.com.br\/sol\/wp-content\/uploads\/2018\/04\/fretamento-e-turismo-interna-4-300x200.jpg 300w, https:\/\/itabunaonline.com.br\/sol\/wp-content\/uploads\/2018\/04\/fretamento-e-turismo-interna-4-768x512.jpg 768w\" sizes=\"(max-width: 789px) 100vw, 789px\" \/><\/a><\/div><\/figure><\/div><div class=\"id-1215 vcex-image-grid-entry span_1_of_1 col col-1\"><figure class=\"vcex-image-grid-entry-figure clr\"><div class=\"vcex-image-grid-entry-img clr\"><a href=\"https:\/\/itabunaonline.com.br\/sol\/wp-content\/uploads\/2018\/04\/fretamento-e-turismo-interna-5.jpg\" class=\"vcex-image-grid-entry-img wpex-lightbox-group-item\" data-path=\"horizontal\" data-infinite=\"true\" data-title=\"\" data-type=\"image\"><img width=\"784\" height=\"526\" src=\"https:\/\/itabunaonline.com.br\/sol\/wp-content\/uploads\/2018\/04\/fretamento-e-turismo-interna-5.jpg\" class=\"attachment-full size-full\" alt=\"\" loading=\"lazy\" srcset=\"https:\/\/itabunaonline.com.br\/sol\/wp-content\/uploads\/2018\/04\/fretamento-e-turismo-interna-5.jpg 784w, https:\/\/itabunaonline.com.br\/sol\/wp-content\/uploads\/2018\/04\/fretamento-e-turismo-interna-5-300x201.jpg 300w, https:\/\/itabunaonline.com.br\/sol\/wp-content\/uploads\/2018\/04\/fretamento-e-turismo-interna-5-768x515.jpg 768w\" sizes=\"(max-width: 784px) 100vw, 784px\" \/><\/a><\/div><\/figure><\/div><div class=\"id-1212 vcex-image-grid-entry span_1_of_1 col col-1\"><figure class=\"vcex-image-grid-entry-figure clr\"><div class=\"vcex-image-grid-entry-img clr\"><a href=\"https:\/\/itabunaonline.com.br\/sol\/wp-content\/uploads\/2018\/04\/fretamento-e-turismo-interna-2.jpg\" class=\"vcex-image-grid-entry-img wpex-lightbox-group-item\" data-path=\"horizontal\" data-infinite=\"true\" data-title=\"\" data-type=\"image\"><img width=\"789\" height=\"525\" src=\"https:\/\/itabunaonline.com.br\/sol\/wp-content\/uploads\/2018\/04\/fretamento-e-turismo-interna-2.jpg\" class=\"attachment-full size-full\" alt=\"\" loading=\"lazy\" srcset=\"https:\/\/itabunaonline.com.br\/sol\/wp-content\/uploads\/2018\/04\/fretamento-e-turismo-interna-2.jpg 789w, https:\/\/itabunaonline.com.br\/sol\/wp-content\/uploads\/2018\/04\/fretamento-e-turismo-interna-2-300x200.jpg 300w, https:\/\/itabunaonline.com.br\/sol\/wp-content\/uploads\/2018\/04\/fretamento-e-turismo-interna-2-768x511.jpg 768w\" sizes=\"(max-width: 789px) 100vw, 789px\" \/><\/a><\/div><\/figure><\/div><div class=\"id-1211 vcex-image-grid-entry span_1_of_1 col col-1\"><figure class=\"vcex-image-grid-entry-figure clr\"><div class=\"vcex-image-grid-entry-img clr\"><a href=\"https:\/\/itabunaonline.com.br\/sol\/wp-content\/uploads\/2018\/04\/fretamento-e-turismo-interna-1.jpg\" class=\"vcex-image-grid-entry-img wpex-lightbox-group-item\" data-path=\"horizontal\" data-infinite=\"true\" data-title=\"\" data-type=\"image\"><img width=\"781\" height=\"520\" src=\"https:\/\/itabunaonline.com.br\/sol\/wp-content\/uploads\/2018\/04\/fretamento-e-turismo-interna-1.jpg\" class=\"attachment-full size-full\" alt=\"\" loading=\"lazy\" srcset=\"https:\/\/itabunaonline.com.br\/sol\/wp-content\/uploads\/2018\/04\/fretamento-e-turismo-interna-1.jpg 781w, https:\/\/itabunaonline.com.br\/sol\/wp-content\/uploads\/2018\/04\/fretamento-e-turismo-interna-1-300x200.jpg 300w, https:\/\/itabunaonline.com.br\/sol\/wp-content\/uploads\/2018\/04\/fretamento-e-turismo-interna-1-768x511.jpg 768w\" sizes=\"(max-width: 781px) 100vw, 781px\" \/><\/a><\/div><\/figure><\/div><\/div><\/div><\/div><\/div><\/div><\/div><\/div><\/div><\/div><div data-vc-full-width=\"true\" data-vc-full-width-init=\"false\" class=\"vc_row wpb_row vc_row-fluid vc_custom_1525116853529 wpex-vc_row-has-fill wpex-vc-row-stretched\" style=\"min-height:540px;;\"><div class=\"wpb_column vc_column_container vc_col-sm-12\"><div class=\"vc_column-inner \"><div class=\"wpb_wrapper\">\n\t<div class=\"wpb_single_image wpb_content_element vc_align_  wpb_animate_when_almost_visible wpb_right-to-left vc_custom_1525117020499\">\n\t\t\n\t\t<figure class=\"wpb_wrapper vc_figure\">\n\t\t\t<div class=\"vc_single_image-wrapper   vc_box_border_grey\"><img width=\"1000\" height=\"322\" src=\"https:\/\/itabunaonline.com.br\/sol\/wp-content\/uploads\/2018\/04\/onibus-cidade-sol-lado.png\" class=\"vc_single_image-img attachment-full\" alt=\"\" loading=\"lazy\" srcset=\"https:\/\/itabunaonline.com.br\/sol\/wp-content\/uploads\/2018\/04\/onibus-cidade-sol-lado.png 1000w, https:\/\/itabunaonline.com.br\/sol\/wp-content\/uploads\/2018\/04\/onibus-cidade-sol-lado-300x97.png 300w, https:\/\/itabunaonline.com.br\/sol\/wp-content\/uploads\/2018\/04\/onibus-cidade-sol-lado-768x247.png 768w\" sizes=\"(max-width: 1000px) 100vw, 1000px\" \/><\/div>\n\t\t<\/figure>\n\t<\/div>\n<\/div><\/div><\/div><\/div><div class=\"vc_row-full-width vc_clearfix\"><\/div><div class=\"vc_row wpb_row vc_row-fluid\"><div class=\"wpb_column vc_column_container vc_col-sm-12\"><div class=\"vc_column-inner \"><div class=\"wpb_wrapper\">\n\t<div class=\"wpb_text_column wpb_content_element \">\n\t\t<div class=\"wpb_wrapper\">\n\t\t\t<h3><span style=\"color: #455c73;\">MANUTEN\u00c7\u00c3O E TREINAMENTO<\/span><\/h3>\n<p>Visando realizar constantes melhorias na frota, o Grupo Brasileiro investe em alta tecnologia. Prova disso \u00e9 que, hoje, possui uma unidade pr\u00f3pria para reforma de ve\u00edculos, mas que trabalha em parceria com as grandes montadoras e conta com uma equipe de mec\u00e2nicos especializados que seguem a risca os seus programas de qualidade.<\/p>\n<p>Todos os carros s\u00e3o vistoriados antes e depois de cada viagem, cumprindo as etapas de abastecimento, limpeza, banho de luz e assist\u00eancia mec\u00e2nica e el\u00e9trica.<\/p>\n<p>Al\u00e9m de investir em aparelhos que controlam a emiss\u00e3o de poluentes nos ve\u00edculos e realizar avalia\u00e7\u00f5es peri\u00f3dicas para aferi\u00e7\u00e3o de emiss\u00e3o de poluentes por parte dos mesmos.<\/p>\n\n\t\t<\/div>\n\t<\/div>\n<div class=\"vc_row wpb_row vc_inner vc_row-fluid vc_custom_1521747420995\"><div class=\"wpb_column vc_column_container vc_col-sm-6\"><div class=\"vc_column-inner \"><div class=\"wpb_wrapper\"><div class=\"vcex-module vcex-icon-box clr vcex-icon-box-one  manutencao-icons\" style=\"padding-left:80px;\"><img src=\"https:\/\/itabunaonline.com.br\/sol\/wp-content\/uploads\/2018\/04\/unidades-proprias-x.png\" width=\"0\" height=\"0\" class=\"vcex-icon-box-image\" style=\"width:70px;\" alt=\"\" data-no-retina=\"\" \/><div class=\"vcex-icon-box-content clr\"><p>A empresa possui unidades pr\u00f3prias com a mais alta tecnologia em parceria com grandes montadoras para a manuten\u00e7\u00e3o dos seus ve\u00edculos.<\/p>\n<\/div><\/div><\/div><\/div><\/div><div class=\"wpb_column vc_column_container vc_col-sm-6\"><div class=\"vc_column-inner \"><div class=\"wpb_wrapper\"><div class=\"vcex-module vcex-icon-box clr vcex-icon-box-one  manutencao-icons\" style=\"padding-left:80px;\"><img src=\"https:\/\/itabunaonline.com.br\/sol\/wp-content\/uploads\/2018\/04\/manutencao-frota-x.png\" width=\"0\" height=\"0\" class=\"vcex-icon-box-image\" style=\"width:70px;\" alt=\"\" data-no-retina=\"\" \/><div class=\"vcex-icon-box-content clr\"><p>Todos os procedimentos de vistoria como limpeza, abastecimento e mec\u00e2nica s\u00e3o realizados antes e depois de cada viagem.<\/p>\n<\/div><\/div><\/div><\/div><\/div><div class=\"wpb_column vc_column_container vc_col-sm-6\"><div class=\"vc_column-inner \"><div class=\"wpb_wrapper\"><div class=\"vcex-module vcex-icon-box clr vcex-icon-box-one  manutencao-icons\" style=\"padding-left:80px;\"><img src=\"https:\/\/itabunaonline.com.br\/sol\/wp-content\/uploads\/2018\/04\/treinamento-motoristas-x.png\" width=\"0\" height=\"0\" class=\"vcex-icon-box-image\" style=\"width:70px;\" alt=\"\" data-no-retina=\"\" \/><div class=\"vcex-icon-box-content clr\"><p>O treinamento dos motoristas \u00e9 realizado regularmente com atualiza\u00e7\u00f5es de aperfei\u00e7oamento operacional, regras de tr\u00e2nsito, primeiros socorros.<\/p>\n<\/div><\/div><\/div><\/div><\/div><div class=\"wpb_column vc_column_container vc_col-sm-6\"><div class=\"vc_column-inner \"><div class=\"wpb_wrapper\"><div class=\"vcex-module vcex-icon-box clr vcex-icon-box-one  manutencao-icons\" style=\"padding-left:80px;\"><img src=\"https:\/\/itabunaonline.com.br\/sol\/wp-content\/uploads\/2018\/04\/emergencia-veicular-x.png\" width=\"0\" height=\"0\" class=\"vcex-icon-box-image\" style=\"width:70px;\" alt=\"\" data-no-retina=\"\" \/><div class=\"vcex-icon-box-content clr\"><p>Em caso de emerg\u00eancia, a equipe trabalha efetivamente para reposi\u00e7\u00e3o r\u00e1pida do ve\u00edculo.<\/p>\n<\/div><\/div><\/div><\/div><\/div><\/div><div class=\"vc_separator wpb_content_element vc_separator_align_center vc_sep_width_100 vc_sep_shadow vc_sep_border_width_2 vc_sep_pos_align_center vc_separator_no_text vc_sep_color_grey vc_custom_1521741444386  vc_custom_1521741444386\"><span class=\"vc_sep_holder vc_sep_holder_l\"><span  class=\"vc_sep_line\"><\/span><\/span><span class=\"vc_sep_holder vc_sep_holder_r\"><span  class=\"vc_sep_line\"><\/span><\/span>\n<\/div><\/div><\/div><\/div><\/div><div class=\"vc_row wpb_row vc_row-fluid\"><div class=\"wpb_column vc_column_container vc_col-sm-12\"><div class=\"vc_column-inner \"><div class=\"wpb_wrapper\"><div class=\"vc_row wpb_row vc_inner vc_row-fluid\"><div class=\"wpb_column vc_column_container vc_col-sm-3\"><div class=\"vc_column-inner \"><div class=\"wpb_wrapper\">\n\t<div class=\"wpb_single_image wpb_content_element vc_align_\">\n\t\t\n\t\t<figure class=\"wpb_wrapper vc_figure\">\n\t\t\t<div class=\"vc_single_image-wrapper   vc_box_border_grey\"><img class=\"vc_single_image-img \" src=\"https:\/\/itabunaonline.com.br\/sol\/wp-content\/uploads\/2018\/04\/sistema-controle-de-seguranca-200x100.png\" width=\"200\" height=\"100\" alt=\"sistema-controle-de-seguranca\" title=\"sistema-controle-de-seguranca\" \/><\/div>\n\t\t<\/figure>\n\t<\/div>\n<\/div><\/div><\/div><div class=\"wpb_column vc_column_container vc_col-sm-9\"><div class=\"vc_column-inner \"><div class=\"wpb_wrapper\">\n\t<div class=\"wpb_text_column wpb_content_element \">\n\t\t<div class=\"wpb_wrapper\">\n\t\t\t<p>Para a seguran\u00e7a em suas viagens, a Cidade Sol conta com o CCO &#8211; Centro de Controle Operacional, que atrav\u00e9s de um moderno sistema de telemetria \u00e9 poss\u00edvel acompanhar em tempo real o desempenho do ve\u00edculo e o comportamento do motorista.<\/p>\n\n\t\t<\/div>\n\t<\/div>\n<\/div><\/div><\/div><\/div><div class=\"vc_row wpb_row vc_inner vc_row-fluid five-columns\"><div class=\"wpb_column vc_column_container vc_col-sm-2\"><div class=\"vc_column-inner vc_custom_1521811145902\"><div class=\"wpb_wrapper\"><div class=\"vcex-module vcex-icon-box clr vcex-icon-box-two textcenter\"><img src=\"https:\/\/itabunaonline.com.br\/sol\/wp-content\/uploads\/2018\/04\/rastreamento-via-satelite-x.png\" width=\"0\" height=\"0\" class=\"vcex-icon-box-image\" style=\"width:80px;\" alt=\"Localiza\u00e7\u00e3o Geogr\u00e1fica Via Sat\u00e9lite\" data-no-retina=\"\" \/><div class=\"vcex-icon-box-heading\" style=\"font-size:12px;\">Localiza\u00e7\u00e3o Geogr\u00e1fica via Sat\u00e9lite<\/div><\/div><\/div><\/div><\/div><div class=\"wpb_column vc_column_container vc_col-sm-2\"><div class=\"vc_column-inner \"><div class=\"wpb_wrapper\"><div class=\"vcex-module vcex-icon-box clr vcex-icon-box-two textcenter\"><img src=\"https:\/\/itabunaonline.com.br\/sol\/wp-content\/uploads\/2018\/04\/conducao-operacional-x.png\" width=\"0\" height=\"0\" class=\"vcex-icon-box-image\" style=\"width:80px;\" alt=\"Condu\u00e7\u00e3o Operacional Do Motorista\" data-no-retina=\"\" \/><div class=\"vcex-icon-box-heading\" style=\"font-size:12px;\">Condu\u00e7\u00e3o Operacional do Motorista<\/div><\/div><\/div><\/div><\/div><div class=\"wpb_column vc_column_container vc_col-sm-2\"><div class=\"vc_column-inner \"><div class=\"wpb_wrapper\"><div class=\"vcex-module vcex-icon-box clr vcex-icon-box-two textcenter\"><img src=\"https:\/\/itabunaonline.com.br\/sol\/wp-content\/uploads\/2018\/04\/controle-velocidade-x.png\" width=\"0\" height=\"0\" class=\"vcex-icon-box-image\" style=\"width:80px;\" alt=\"Controle De Velocidade\" data-no-retina=\"\" \/><div class=\"vcex-icon-box-heading\" style=\"font-size:12px;\">Controle de Velocidade<\/div><\/div><\/div><\/div><\/div><div class=\"wpb_column vc_column_container vc_col-sm-2\"><div class=\"vc_column-inner vc_custom_1521811157535\"><div class=\"wpb_wrapper\"><div class=\"vcex-module vcex-icon-box clr vcex-icon-box-two textcenter\"><img src=\"https:\/\/itabunaonline.com.br\/sol\/wp-content\/uploads\/2018\/04\/monitoramento-imagens-x.png\" width=\"0\" height=\"0\" class=\"vcex-icon-box-image\" style=\"width:80px;\" alt=\"Monitoramento Por Imagens, Durante A Viagem\" data-no-retina=\"\" \/><div class=\"vcex-icon-box-heading\" style=\"font-size:12px;\">Monitoramento por imagens, durante a viagem<\/div><\/div><\/div><\/div><\/div><div class=\"wpb_column vc_column_container vc_col-sm-2\"><div class=\"vc_column-inner \"><div class=\"wpb_wrapper\"><div class=\"vcex-module vcex-icon-box clr vcex-icon-box-two textcenter\"><img src=\"https:\/\/itabunaonline.com.br\/sol\/wp-content\/uploads\/2018\/04\/controle-embarque-e-desembarque-x.png\" width=\"0\" height=\"0\" class=\"vcex-icon-box-image\" style=\"width:80px;\" alt=\"Controle De Embarque E Desembarque\" data-no-retina=\"\" \/><div class=\"vcex-icon-box-heading\" style=\"font-size:12px;\">controle de embarque e desembarque<\/div><\/div><\/div><\/div><\/div><div class=\"wpb_column vc_column_container vc_col-sm-2\"><div class=\"vc_column-inner \"><div class=\"wpb_wrapper\"><\/div><\/div><\/div><\/div>\n\t<div class=\"wpb_single_image wpb_content_element vc_align_center\">\n\t\t\n\t\t<figure class=\"wpb_wrapper vc_figure\">\n\t\t\t<div class=\"vc_single_image-wrapper   vc_box_border_grey\"><\/div>\n\t\t<\/figure>\n\t<\/div>\n<\/div><\/div><\/div><\/div><div class=\"vc_row wpb_row vc_row-fluid\"><div class=\"wpb_column vc_column_container vc_col-sm-12\"><div class=\"vc_column-inner \"><div class=\"wpb_wrapper\"><div class=\"vc_empty_space\"  style=\"height: 40px\" ><span class=\"vc_empty_space_inner\"><\/span><\/div>\n\n\t<div class=\"wpb_text_column wpb_content_element \">\n\t\t<div class=\"wpb_wrapper\">\n\t\t\t<p style=\"text-align: center;\">Solicite um or\u00e7amento sem compromisso entrando em contato com o setor de turismo (aluguel eventual de \u00f4nibus)<br \/>\nturismojequie@cidadesol.com.br |\u00a0turismosalvador@cidadesol.com.br<br \/>\n<strong>Irec\u00ea:<\/strong> +55 (74) 3641-3316 | <strong>Jequi\u00e9:<\/strong> +55 (73) 3047-1000 | <strong>Salvador:<\/strong> +55 (71) 3014-0913<\/p>\n\n\t\t<\/div>\n\t<\/div>\n<div class=\"vc_empty_space\"  style=\"height: 40px\" ><span class=\"vc_empty_space_inner\"><\/span><\/div>\n<div class=\"vc_separator wpb_content_element vc_separator_align_center vc_sep_width_100 vc_sep_pos_align_center vc_separator_no_text vc_sep_color_grey\"><span class=\"vc_sep_holder vc_sep_holder_l\"><span  class=\"vc_sep_line\"><\/span><\/span><span class=\"vc_sep_holder vc_sep_holder_r\"><span  class=\"vc_sep_line\"><\/span><\/span>\n<\/div><\/div><\/div><\/div><\/div><div class=\"vc_row wpb_row vc_row-fluid\"><div class=\"wpb_column vc_column_container vc_col-sm-10\"><div class=\"vc_column-inner \"><div class=\"wpb_wrapper\"><div class=\"vcex-module vcex-heading vcex-heading-plain\" style=\"color:#565656;font-size:25px;font-weight:600;\"><span class=\"vcex-heading-inner clr\">SOLICITE OR\u00c7AMENTO<\/span><\/div>\n\t<div class=\"wpb_text_column wpb_content_element \">\n\t\t<div class=\"wpb_wrapper\">\n\t\t\t<p>Solicite sua cota\u00e7\u00e3o gr\u00e1tis e sem compromisso para uma viagem tranquila e segura.<\/p>\n\n\t\t<\/div>\n\t<\/div>\n<div role=\"form\" class=\"wpcf7\" id=\"wpcf7-f1040-o1\" lang=\"pt-BR\" dir=\"ltr\">\n<div class=\"screen-reader-response\"><\/div>\n<form action=\"\/sol\/wp-json\/wp\/v2\/pages\/398#wpcf7-f1040-o1\" method=\"post\" class=\"wpcf7-form cf7-style minimal-brown\" novalidate=\"novalidate\">\n<div style=\"display: none;\">\n<input type=\"hidden\" name=\"_wpcf7\" value=\"1040\" \/>\n<input type=\"hidden\" name=\"_wpcf7_version\" value=\"5.1\" \/>\n<input type=\"hidden\" name=\"_wpcf7_locale\" value=\"pt_BR\" \/>\n<input type=\"hidden\" name=\"_wpcf7_unit_tag\" value=\"wpcf7-f1040-o1\" \/>\n<input type=\"hidden\" name=\"_wpcf7_container_post\" value=\"0\" \/>\n<input type=\"hidden\" name=\"g-recaptcha-response\" value=\"\" \/>\n<\/div>\n<div class=\"wpex-row clr\">\n<div class=\"span_1_of_1 col col-1 clr\">\n    <span class=\"wpcf7-form-control-wrap your-name\"><input type=\"text\" name=\"your-name\" value=\"\" size=\"40\" class=\"wpcf7-form-control wpcf7-text wpcf7-validates-as-required\" aria-required=\"true\" aria-invalid=\"false\" placeholder=\"Nome\" \/><\/span>\n    <\/div>\n<div class=\"span_1_of_2 col clr\">\n    <span class=\"wpcf7-form-control-wrap your-email\"><input type=\"email\" name=\"your-email\" value=\"\" size=\"40\" class=\"wpcf7-form-control wpcf7-text wpcf7-email wpcf7-validates-as-required wpcf7-validates-as-email\" aria-required=\"true\" aria-invalid=\"false\" placeholder=\"E-mail\" \/><\/span>\n    <\/div>\n<div class=\"span_1_of_2 col clr\">\n    <span class=\"wpcf7-form-control-wrap telefone-\"><input type=\"tel\" name=\"telefone-\" value=\"\" size=\"40\" class=\"wpcf7-form-control wpcf7-text wpcf7-tel wpcf7-validates-as-required wpcf7-validates-as-tel\" aria-required=\"true\" aria-invalid=\"false\" placeholder=\"Telefone\" \/><\/span>\n    <\/div>\n<div class=\"span_1_of_1 col col-1 clr\">\n    <span class=\"wpcf7-form-control-wrap your-message\"><textarea name=\"your-message\" cols=\"10\" rows=\"2\" class=\"wpcf7-form-control wpcf7-textarea\" aria-invalid=\"false\" placeholder=\"Mensagem\"><\/textarea><\/span>\n    <\/div>\n<\/div>\n<p><!-- .wpex-row --><\/p>\n<p><input type=\"submit\" value=\"Enviar\" class=\"wpcf7-form-control wpcf7-submit\" \/><\/p>\n<input type='hidden' class='wpcf7-pum' value='{\"closepopup\":false,\"closedelay\":0,\"openpopup\":false,\"openpopup_id\":0}' \/><div class=\"wpcf7-response-output wpcf7-display-none\"><\/div><\/form><\/div><\/div><\/div><\/div><div class=\"wpb_column vc_column_container vc_col-sm-2\"><div class=\"vc_column-inner \"><div class=\"wpb_wrapper\"><\/div><\/div><\/div><\/div><div class=\"vc_row wpb_row vc_row-fluid\"><div class=\"wpb_column vc_column_container vc_col-sm-12\"><div class=\"vc_column-inner \"><div class=\"wpb_wrapper\"><div class=\"vcex-image vcex-module vcex-clr\"><span class=\"vcex-image-inner\"><img src=\"https:\/\/itabunaonline.com.br\/sol\/wp-content\/uploads\/2018\/12\/faixa-sac.png\" width=\"1290\" height=\"126\" alt=\"\" data-no-retina=\"\" \/><\/span><\/div><\/div><\/div><\/div><\/div>\n","protected":false},"excerpt":{"rendered":"","protected":false},"author":1,"featured_media":0,"parent":0,"menu_order":0,"comment_status":"closed","ping_status":"closed","template":"","meta":[],"_links":{"self":[{"href":"https:\/\/itabunaonline.com.br\/sol\/wp-json\/wp\/v2\/pages\/398"}],"collection":[{"href":"https:\/\/itabunaonline.com.br\/sol\/wp-json\/wp\/v2\/pages"}],"about":[{"href":"https:\/\/itabunaonline.com.br\/sol\/wp-json\/wp\/v2\/types\/page"}],"author":[{"embeddable":true,"href":"https:\/\/itabunaonline.com.br\/sol\/wp-json\/wp\/v2\/users\/1"}],"replies":[{"embeddable":true,"href":"https:\/\/itabunaonline.com.br\/sol\/wp-json\/wp\/v2\/comments?post=398"}],"version-history":[{"count":0,"href":"https:\/\/itabunaonline.com.br\/sol\/wp-json\/wp\/v2\/pages\/398\/revisions"}],"wp:attachment":[{"href":"https:\/\/itabunaonline.com.br\/sol\/wp-json\/wp\/v2\/media?parent=398"}],"curies":[{"name":"wp","href":"https:\/\/api.w.org\/{rel}","templated":true}]}}