{"id":240,"date":"2017-09-11T09:06:43","date_gmt":"2017-09-11T12:06:43","guid":{"rendered":"https:\/\/itabunaonline.com.br\/sol\/?page_id=240"},"modified":"2018-12-20T14:39:32","modified_gmt":"2018-12-20T17:39:32","slug":"a-empresa","status":"publish","type":"page","link":"https:\/\/itabunaonline.com.br\/sol\/a-empresa\/","title":{"rendered":"A Empresa"},"content":{"rendered":"<div class=\"vc_row wpb_row vc_row-fluid\"><div class=\"wpb_column vc_column_container vc_col-sm-12\"><div class=\"vc_column-inner \"><div class=\"wpb_wrapper\"><div class=\"vcex-module vcex-heading vcex-heading-plain\" data-wpex-hover='{\"color\":\"#455c73\"}' style=\"color:#455c73;font-size:28px;font-weight:600;\"><span class=\"vcex-heading-inner clr\">A EMPRESA<\/span><\/div>\n\t<div class=\"wpb_text_column wpb_content_element  vc_custom_1536237900045\">\n\t\t<div class=\"wpb_wrapper\">\n\t\t\t<p>A Cidade Sol \u00e9 uma tradicional companhia de transporte de passageiros no Estado da Bahia. Foi fundada em 1940, pela Empresa Brasil de Transportes Ltda., e registrada como Via\u00e7\u00e3o Jequi\u00e9 Cidade Sol em 1976. Em 1999, foi adquirida pelo Grupo Brasileiro. Nessa \u00e9poca, a empresa possu\u00eda 50 \u00f4nibus e cerca de 130 funcion\u00e1rios.<br \/>\nSob o comando do Grupo Brasileiro, a Via\u00e7\u00e3o Cidade Sol ampliou seus horizontes. Atuando com transporte coletivo rodovi\u00e1rio de passageiros, servi\u00e7os de encomenda, fretamento de \u00f4nibus e viagens de turismo, a empresa hoje serve aos usu\u00e1rios de transportes nas regi\u00f5es Sul, Sudoeste, Baixo Sul, Rec\u00f4ncavo, Agreste baiano, e na capital Salvador.<\/p>\n<p>A partir de 2016, a Cidade Sol inicia um novo ciclo em sua trajet\u00f3ria. A empresa renovou a marca e conceito de marketing e adquiriu novas linhas em dire\u00e7\u00e3o \u00e0 Chapada Diamantina e ao Sert\u00e3o da Bahia. Com uma nova frota, a Cidade Sol adotou um moderno projeto de identidade visual a fim de agregar mais valor ao servi\u00e7o de transporte de passageiros prestado ao povo baiano.<\/p>\n<p>A empresa mant\u00e9m N\u00facleos de Opera\u00e7\u00e3o nos munic\u00edpios de Jequi\u00e9, Salvador, Bom Despacho, Valen\u00e7a, Camamu, Alagoinhas, Gandu e Irec\u00ea, sempre mantendo o compromisso de articular um servi\u00e7o de transportes com seguran\u00e7a, profissionalismo e qualidade, antes, durante e depois da viagem.<\/p>\n<p>A tecnologia tem sido uma das ferramentas utilizadas pela Cidade Sol para modernizar a qualidade e a seguran\u00e7a dos servi\u00e7os de transporte de passageiros. Atrav\u00e9s do sistema de telemetria do Centro de Controle Operacional \u2013 CCO, pioneiro na Bahia, instalado na sede do Grupo Brasileiro em Itabuna, \u00e9 realizado, em tempo real, o acompanhamento das viagens de toda a frota. Assim, \u00e9 poss\u00edvel observar o desempenho dos ve\u00edculos e o comportamento operacional dos motoristas, para garantir mais seguran\u00e7a e conforto aos passageiros.<\/p>\n<p>Como todas as empresas do Grupo Brasileiro, a Cidade Sol possui Certifica\u00e7\u00e3o de Qualidade ISO 9001:2015 e atua com base no permanente respeito ao cliente e em conex\u00e3o com o desenvolvimento dos munic\u00edpios e destinos de sua abrang\u00eancia.<\/p>\n<p>Atualmente, com uma frota de 200 \u00f4nibus, a Cidade Sol continua na busca por melhorias na qualidade dos servi\u00e7os para garantir a satisfa\u00e7\u00e3o dos usu\u00e1rios. E para isso, conta com a parceria de cerca de 900 colaboradores diretos, comprometidos com o atendimento de excel\u00eancia.<\/p>\n<p>Esta \u00e9 a <strong>Via\u00e7\u00e3o Cidade Sol<\/strong>. Iluminando Caminhos!<\/p>\n\n\t\t<\/div>\n\t<\/div>\n<div class=\"vcex-module vcex-heading vcex-heading-plain\" data-wpex-hover='{\"color\":\"#455c73\"}' style=\"color:#455c73;font-size:28px;font-weight:600;\"><span class=\"vcex-heading-inner clr\">POL\u00cdTICA DE QUALIDADE<\/span><\/div>\n\t<div class=\"wpb_text_column wpb_content_element  vc_custom_1533588894873\">\n\t\t<div class=\"wpb_wrapper\">\n\t\t\t<p>A <strong>Via\u00e7\u00e3o Cidade Sol<\/strong>, \u00e9 uma empresa de transporte rodovi\u00e1rio de passageiros, turismo, fretamento e encomendas, atuando na Regi\u00e3o Nordeste com o objetivo de buscar continuamente a melhoria da qualidade dos servi\u00e7os e a satisfa\u00e7\u00e3o das necessidades de nossos clientes, a partir de atitudes\u00a0 confi\u00e1veis de nossos profissionais.<\/p>\n\n\t\t<\/div>\n\t<\/div>\n<div class=\"vcex-module vcex-heading vcex-heading-plain\" data-wpex-hover='{\"color\":\"#455c73\"}' style=\"color:#455c73;font-size:28px;font-weight:600;\"><span class=\"vcex-heading-inner clr\">COMPROMISSOS<\/span><\/div>\n\t<div class=\"wpb_text_column wpb_content_element  vc_custom_1533588935479\">\n\t\t<div class=\"wpb_wrapper\">\n\t\t\t<ul>\n<li>Atender aos requisitos t\u00e9cnicos do poder concedente;<\/li>\n<li>Garantir aos usu\u00e1rios seguran\u00e7a e qualidade no transporte;<\/li>\n<li>Valorizar nossos colaboradores, atrav\u00e9s da cont\u00ednua capacita\u00e7\u00e3o;<\/li>\n<li>Atuar como empresa cidade, respeitando as leis e a sociedade;<\/li>\n<li>Desenvolver s\u00f3lidas parcerias com nossos fornecedores;<\/li>\n<li>Proporcionar a integra\u00e7\u00e3o interpessoal continuamente.<\/li>\n<\/ul>\n\n\t\t<\/div>\n\t<\/div>\n<div class=\"vcex-module vcex-heading vcex-heading-plain\" data-wpex-hover='{\"color\":\"#455c73\"}' style=\"color:#455c73;font-size:28px;font-weight:600;\"><span class=\"vcex-heading-inner clr\">MISS\u00c3O<\/span><\/div>\n\t<div class=\"wpb_text_column wpb_content_element  vc_custom_1533588979591\">\n\t\t<div class=\"wpb_wrapper\">\n\t\t\t<p>Fornecer transporte rodovi\u00e1rio de passageiros, fretamento, turismo e encomendas com seguran\u00e7a, qualidade, pontualidade, buscando a plena satisfa\u00e7\u00e3o e conforto dos nossos clientes.<\/p>\n\n\t\t<\/div>\n\t<\/div>\n<div class=\"vcex-module vcex-heading vcex-heading-plain\" data-wpex-hover='{\"color\":\"#455c73\"}' style=\"color:#455c73;font-size:28px;font-weight:600;\"><span class=\"vcex-heading-inner clr\">VIS\u00c3O<\/span><\/div>\n\t<div class=\"wpb_text_column wpb_content_element  vc_custom_1533589023359\">\n\t\t<div class=\"wpb_wrapper\">\n\t\t\t<p>Ser refer\u00eancia na gest\u00e3o de transporte rodovi\u00e1rio na regi\u00e3o Nordeste.<\/p>\n\n\t\t<\/div>\n\t<\/div>\n<div class=\"vcex-module vcex-heading vcex-heading-plain\" data-wpex-hover='{\"color\":\"#455c73\"}' style=\"color:#455c73;font-size:28px;font-weight:600;\"><span class=\"vcex-heading-inner clr\">VALORES<\/span><\/div>\n\t<div class=\"wpb_text_column wpb_content_element  vc_custom_1534516874454\">\n\t\t<div class=\"wpb_wrapper\">\n\t\t\t<ul>\n<li>Prezar pela vida e integridade das pessoas: Esta diretriz \u00e9 considerada mandat\u00f3ria em todos os n\u00edveis da organiza\u00e7\u00e3o e deve pautar as decis\u00f5es e processos da empresa;<\/li>\n<li>Preservar e honrar compromissos: S\u00e3o valores que devem ser praticados sistematicamente por todos;<\/li>\n<li>Respeito nas rela\u00e7\u00f5es profissionais: Em todos os n\u00edveis da organiza\u00e7\u00e3o devemos buscar construir relacionamentos baseados nestes valores sejam com nossos clientes, parceiros e fornecedores;<\/li>\n<li>Aperfei\u00e7oamento cont\u00ednuo: Acreditamos no aperfei\u00e7oamento cont\u00ednuo da organiza\u00e7\u00e3o e na qualidade da gest\u00e3o do nosso neg\u00f3cio e, na presta\u00e7\u00e3o de servi\u00e7os aos clientes e sociedade.<\/li>\n<\/ul>\n\n\t\t<\/div>\n\t<\/div>\n<\/div><\/div><\/div><\/div><div class=\"vc_row wpb_row vc_row-fluid vc_custom_1505139036021\"><div class=\"wpb_column vc_column_container vc_col-sm-12\"><div class=\"vc_column-inner \"><div class=\"wpb_wrapper\"><div class=\"vc_separator wpb_content_element vc_separator_align_center vc_sep_width_100 vc_sep_shadow vc_sep_border_width_2 vc_sep_pos_align_center vc_separator_no_text vc_sep_color_grey\"><span class=\"vc_sep_holder vc_sep_holder_l\"><span  class=\"vc_sep_line\"><\/span><\/span><span class=\"vc_sep_holder vc_sep_holder_r\"><span  class=\"vc_sep_line\"><\/span><\/span>\n<\/div><\/div><\/div><\/div><\/div><div class=\"vc_row wpb_row vc_row-fluid\"><div class=\"wpb_column vc_column_container vc_col-sm-12\"><div class=\"vc_column-inner \"><div class=\"wpb_wrapper\"><div class=\"vcex-image vcex-module vcex-clr\"><span class=\"vcex-image-inner\"><img src=\"https:\/\/itabunaonline.com.br\/sol\/wp-content\/uploads\/2018\/12\/faixa-sac.png\" width=\"1290\" height=\"126\" alt=\"\" data-no-retina=\"\" \/><\/span><\/div><\/div><\/div><\/div><\/div>\n","protected":false},"excerpt":{"rendered":"","protected":false},"author":1,"featured_media":0,"parent":0,"menu_order":0,"comment_status":"closed","ping_status":"open","template":"","meta":[],"_links":{"self":[{"href":"https:\/\/itabunaonline.com.br\/sol\/wp-json\/wp\/v2\/pages\/240"}],"collection":[{"href":"https:\/\/itabunaonline.com.br\/sol\/wp-json\/wp\/v2\/pages"}],"about":[{"href":"https:\/\/itabunaonline.com.br\/sol\/wp-json\/wp\/v2\/types\/page"}],"author":[{"embeddable":true,"href":"https:\/\/itabunaonline.com.br\/sol\/wp-json\/wp\/v2\/users\/1"}],"replies":[{"embeddable":true,"href":"https:\/\/itabunaonline.com.br\/sol\/wp-json\/wp\/v2\/comments?post=240"}],"version-history":[{"count":0,"href":"https:\/\/itabunaonline.com.br\/sol\/wp-json\/wp\/v2\/pages\/240\/revisions"}],"wp:attachment":[{"href":"https:\/\/itabunaonline.com.br\/sol\/wp-json\/wp\/v2\/media?parent=240"}],"curies":[{"name":"wp","href":"https:\/\/api.w.org\/{rel}","templated":true}]}}