{"id":1288,"date":"2018-08-06T18:02:27","date_gmt":"2018-08-06T21:02:27","guid":{"rendered":"https:\/\/itabunaonline.com.br\/sol\/?page_id=1288"},"modified":"2018-09-10T11:01:58","modified_gmt":"2018-09-10T14:01:58","slug":"venda-de-onibus","status":"publish","type":"page","link":"https:\/\/itabunaonline.com.br\/sol\/venda-de-onibus\/","title":{"rendered":"Venda de \u00d4nibus"},"content":{"rendered":"<div class=\"vc_row wpb_row vc_row-fluid\"><div class=\"wpb_column vc_column_container vc_col-sm-12\"><div class=\"vc_column-inner \"><div class=\"wpb_wrapper\"><div class=\"vcex-module vcex-heading vcex-heading-plain\" data-wpex-hover='{\"color\":\"#7dc2cc\"}' style=\"color:#7dc2cc;font-size:28px;font-weight:600;\"><span class=\"vcex-heading-inner clr\">VENDA<span class=\"rosa-titulo\"> DE \u00d4NIBUS<\/span><\/span><\/div><div class=\"vc_separator wpb_content_element vc_separator_align_center vc_sep_width_100 vc_sep_shadow vc_sep_border_width_2 vc_sep_pos_align_center vc_separator_no_text vc_sep_color_grey\"><span class=\"vc_sep_holder vc_sep_holder_l\"><span  class=\"vc_sep_line\"><\/span><\/span><span class=\"vc_sep_holder vc_sep_holder_r\"><span  class=\"vc_sep_line\"><\/span><\/span>\n<\/div><\/div><\/div><\/div><\/div><div class=\"vc_row wpb_row vc_row-fluid\"><div class=\"wpb_column vc_column_container vc_col-sm-12\"><div class=\"vc_column-inner \"><div class=\"wpb_wrapper\"><div class=\"vc_row wpb_row vc_inner vc_row-fluid\"><div class=\"wpb_column vc_column_container vc_col-sm-8\"><div class=\"vc_column-inner \"><div class=\"wpb_wrapper\">\n\t<div class=\"wpb_text_column wpb_content_element  vc_custom_1533754011342 colunas3\">\n\t\t<div class=\"wpb_wrapper\">\n\t\t\t<p style=\"text-align: left;\">A Cidade Sol realiza constantemente a venda de \u00f4nibus usados, revisados com o padr\u00e3o da empresa. Fa\u00e7a sua cota\u00e7\u00e3o atrav\u00e9s do formul\u00e1rio abaixo:<\/p>\n\n\t\t<\/div>\n\t<\/div>\n<div role=\"form\" class=\"wpcf7\" id=\"wpcf7-f1299-o1\" lang=\"pt-BR\" dir=\"ltr\">\n<div class=\"screen-reader-response\"><\/div>\n<form action=\"\/sol\/wp-json\/wp\/v2\/pages\/1288#wpcf7-f1299-o1\" method=\"post\" class=\"wpcf7-form cf7-style minimal-brown\" novalidate=\"novalidate\">\n<div style=\"display: none;\">\n<input type=\"hidden\" name=\"_wpcf7\" value=\"1299\" \/>\n<input type=\"hidden\" name=\"_wpcf7_version\" value=\"5.1\" \/>\n<input type=\"hidden\" name=\"_wpcf7_locale\" value=\"pt_BR\" \/>\n<input type=\"hidden\" name=\"_wpcf7_unit_tag\" value=\"wpcf7-f1299-o1\" \/>\n<input type=\"hidden\" name=\"_wpcf7_container_post\" value=\"0\" \/>\n<input type=\"hidden\" name=\"g-recaptcha-response\" value=\"\" \/>\n<\/div>\n<div class=\"wpex-row clr\">\n<div class=\"span_1_of_1 col col-1 clr\">\n    <span class=\"wpcf7-form-control-wrap your-name\"><input type=\"text\" name=\"your-name\" value=\"\" size=\"40\" class=\"wpcf7-form-control wpcf7-text wpcf7-validates-as-required\" aria-required=\"true\" aria-invalid=\"false\" placeholder=\"Nome\" \/><\/span>\n    <\/div>\n<div class=\"span_1_of_2 col clr\">\n    <span class=\"wpcf7-form-control-wrap your-email\"><input type=\"email\" name=\"your-email\" value=\"\" size=\"40\" class=\"wpcf7-form-control wpcf7-text wpcf7-email wpcf7-validates-as-required wpcf7-validates-as-email\" aria-required=\"true\" aria-invalid=\"false\" placeholder=\"E-mail\" \/><\/span>\n    <\/div>\n<div class=\"span_1_of_2 col clr\">\n    <span class=\"wpcf7-form-control-wrap telefone-\"><input type=\"tel\" name=\"telefone-\" value=\"\" size=\"40\" class=\"wpcf7-form-control wpcf7-text wpcf7-tel wpcf7-validates-as-required wpcf7-validates-as-tel\" aria-required=\"true\" aria-invalid=\"false\" placeholder=\"Telefone\" \/><\/span>\n    <\/div>\n<div class=\"span_1_of_1 col col-1 clr\">\n    <span class=\"wpcf7-form-control-wrap your-message\"><textarea name=\"your-message\" cols=\"10\" rows=\"2\" class=\"wpcf7-form-control wpcf7-textarea\" aria-invalid=\"false\" placeholder=\"Mensagem\"><\/textarea><\/span>\n    <\/div>\n<\/div>\n<p><!-- .wpex-row --><\/p>\n<p><input type=\"submit\" value=\"Enviar\" class=\"wpcf7-form-control wpcf7-submit\" \/><\/p>\n<input type='hidden' class='wpcf7-pum' value='{\"closepopup\":false,\"closedelay\":0,\"openpopup\":false,\"openpopup_id\":0}' \/><div class=\"wpcf7-response-output wpcf7-display-none\"><\/div><\/form><\/div>\n\t<div class=\"wpb_text_column wpb_content_element  vc_custom_1533754021699 colunas3\">\n\t\t<div class=\"wpb_wrapper\">\n\t\t\t<p>Entre em contato tamb\u00e9m pelos telefones:<\/p>\n<h3>(73) 3214-6832 \/ 3214-6855 \/ 98872-4136 \/ 98822-0524<\/h3>\n\n\t\t<\/div>\n\t<\/div>\n<\/div><\/div><\/div><\/div><\/div><\/div><\/div><\/div>\n","protected":false},"excerpt":{"rendered":"VENDA DE \u00d4NIBUS A Cidade Sol realiza constantemente a venda de \u00f4nibus usados, revisados com o padr\u00e3o da empresa. Fa\u00e7a sua cota\u00e7\u00e3o atrav\u00e9s do formul\u00e1rio abaixo: Entre em contato tamb\u00e9m pelos telefones: (73) 3214-6832 \/ 3214-6855 \/ 98872-4136 \/ 98822-0524","protected":false},"author":1,"featured_media":0,"parent":0,"menu_order":0,"comment_status":"closed","ping_status":"closed","template":"","meta":[],"_links":{"self":[{"href":"https:\/\/itabunaonline.com.br\/sol\/wp-json\/wp\/v2\/pages\/1288"}],"collection":[{"href":"https:\/\/itabunaonline.com.br\/sol\/wp-json\/wp\/v2\/pages"}],"about":[{"href":"https:\/\/itabunaonline.com.br\/sol\/wp-json\/wp\/v2\/types\/page"}],"author":[{"embeddable":true,"href":"https:\/\/itabunaonline.com.br\/sol\/wp-json\/wp\/v2\/users\/1"}],"replies":[{"embeddable":true,"href":"https:\/\/itabunaonline.com.br\/sol\/wp-json\/wp\/v2\/comments?post=1288"}],"version-history":[{"count":0,"href":"https:\/\/itabunaonline.com.br\/sol\/wp-json\/wp\/v2\/pages\/1288\/revisions"}],"wp:attachment":[{"href":"https:\/\/itabunaonline.com.br\/sol\/wp-json\/wp\/v2\/media?parent=1288"}],"curies":[{"name":"wp","href":"https:\/\/api.w.org\/{rel}","templated":true}]}}